{"id":413,"date":"2014-07-29T14:34:16","date_gmt":"2014-07-29T12:34:16","guid":{"rendered":"http:\/\/www.mig.bz\/?page_id=413"},"modified":"2019-02-12T10:24:16","modified_gmt":"2019-02-12T09:24:16","slug":"chi-siamo","status":"publish","type":"page","link":"https:\/\/www.mig.bz\/it\/chi-siamo\/","title":{"rendered":"Chi siamo"},"content":{"rendered":"<p><img loading=\"lazy\" decoding=\"async\" class=\"alignnone size-large wp-image-7757 aligncenter\" src=\"http:\/\/www.mig.bz\/wp-content\/uploads\/2014\/07\/IMG_0712-buona-Large3-1024x683.jpg\" alt=\"IMG_0712 buona (Large)\" width=\"768\" height=\"512\" srcset=\"https:\/\/www.mig.bz\/wp-content\/uploads\/2014\/07\/IMG_0712-buona-Large3-1024x683.jpg 1024w, https:\/\/www.mig.bz\/wp-content\/uploads\/2014\/07\/IMG_0712-buona-Large3-300x200.jpg 300w, https:\/\/www.mig.bz\/wp-content\/uploads\/2014\/07\/IMG_0712-buona-Large3.jpg 1620w\" sizes=\"auto, (max-width: 768px) 100vw, 768px\" \/><\/p>\n<p><strong>MiG<\/strong> sta per \u201c<strong>M<\/strong>\u00e4nner <strong>i<\/strong>m <strong>G<\/strong>lutrausch\u201d (traduzione libera \u2013 uomini nell\u2019ebbrezza della brace). Stiamo insieme alla griglia dal 1998. Le prime esperienze, come tanti altri, le abbiamo fatte a casa, ma il grande pubblico subito ci ha presi. Il leggendario Open Air al piazzale del Castello di Brunico \u00e8 stato il nostro punto di partenza ufficiale. Michele Capano insieme a Myrko Leitner e altri amici erano i responsabili per accontentare i visitatori sul lato gastronomico.<\/p>\n<p><strong>La nostra missione<br \/>\n<\/strong>Lavoriamo alla griglia con passione e vogliamo convincere tante persone di questo. Vogliamo fare vedere quanto \u00e8 possibile fare con e sulla griglia, non solamente i w\u00fcrstel o le bistecchine. Per questa ragione giriamo tutta la ns. regione e offriamo corsi e seminari di vario tipo. Organizziamo anche feste speciali su richiesta (p.e. compleanni, feste aziendali ecc.) come qualche volta accendiamo le griglie solamente per noi stessi. La ns. cucina, i vari grill, sono sempre al centro, lavoriamo in mezzo alla gente, in modo aperto, perch\u00e9 ognuno possa darci un\u2019occhiata.<\/p>\n<p><strong>Il nostro slogan \u2013 Alpine Grill &amp; BBQ<\/strong><br \/>\nViviamo in una Provincia che \u00e8 caratterizzata da influssi vari, da Nord come da Sud. Il Sudtirolo offre una variet\u00e0 incredibile sia nella cucina sia nelle ricette. Questa \u00e8 la ns. base e cos\u00ec vogliamo portare questa particolarit\u00e0 sulla griglia. Siamo sempre in cerca di specialit\u00e0 alpine che possono essere trasportate alla griglia. Qualche idea e ricetta la potete trovare <a href=\"http:\/\/www.mig.bz\/?cat=29\"><span style=\"text-decoration: underline;\"><span style=\"color: #ff9c23;\">qui<\/span><\/span><\/a>.<\/p>\n<p><strong>Il team<br \/>\n<\/strong>I MiG sono: Haymo Gutweniger, Michele Capano e Myrko Leitner. Haymo \u00e8 arrivato nel team nel 2012 ed \u00e8 stato responsabile a portarci il tema dello Smoker e delle cotture lunghe.<\/p>\n<p><!-- index.php -->\n<div\n\tclass=\"ngg-galleryoverview\n\t ngg-ajax-pagination-none\t\"\n\tid=\"ngg-gallery-1477d42ed68dd5a772f2991d96826337-1\">\n\n\t\t<div class=\"slideshowlink\">\n\t\t<a href='https:\/\/www.mig.bz\/it\/chi-siamo\/nggallery\/slideshow'>[Zeige eine Slideshow]<\/a>\n\n\t<\/div>\n\t\t\t<!-- Thumbnails -->\n\t\t\t\t<div id=\"ngg-image-0\" class=\"ngg-gallery-thumbnail-box\"\n\t\t\t\t\t\t\t\t\t\t\t>\n\t\t\t\t\t\t<div class=\"ngg-gallery-thumbnail\">\n\t\t\t<a href=\"https:\/\/www.mig.bz\/wp-content\/gallery\/mig_team\/IMG_0734ok-Large.jpg\"\n\t\t\t\ttitle=\"Michele, Myrko, Haymo\"\n\t\t\t\tdata-src=\"https:\/\/www.mig.bz\/wp-content\/gallery\/mig_team\/IMG_0734ok-Large.jpg\"\n\t\t\t\tdata-thumbnail=\"https:\/\/www.mig.bz\/wp-content\/gallery\/mig_team\/thumbs\/thumbs_IMG_0734ok-Large.jpg\"\n\t\t\t\tdata-image-id=\"183\"\n\t\t\t\tdata-title=\"MiG 3\"\n\t\t\t\tdata-description=\"Michele, Myrko, Haymo\"\n\t\t\t\tdata-image-slug=\"img_0734ok-large\"\n\t\t\t\t\t\t\t\t\t\t\t\t\t\t\t\t\t\t\t\tclass=\"ngg-fancybox\" rel=\"1477d42ed68dd5a772f2991d96826337\">\n\t\t\t\t\t\t\t\t<img\n\t\t\t\t\ttitle=\"MiG 3\"\n\t\t\t\t\talt=\"MiG 3\"\n\t\t\t\t\tsrc=\"https:\/\/www.mig.bz\/wp-content\/gallery\/mig_team\/thumbs\/thumbs_IMG_0734ok-Large.jpg\"\n\t\t\t\t\twidth=\"120\"\n\t\t\t\t\theight=\"90\"\n\t\t\t\t\tstyle=\"max-width:100%;\"\n\t\t\t\t\/>\n\t\t\t<\/a>\n\t\t<\/div>\n\t\t\t\t\t\t\t<\/div>\n\t\t\t\n\t\t\n\t\t\t\t<div id=\"ngg-image-1\" class=\"ngg-gallery-thumbnail-box\"\n\t\t\t\t\t\t\t\t\t\t\t>\n\t\t\t\t\t\t<div class=\"ngg-gallery-thumbnail\">\n\t\t\t<a href=\"https:\/\/www.mig.bz\/wp-content\/gallery\/mig_team\/IMG_0712-buona-Large.jpg\"\n\t\t\t\ttitle=\"Michele, Myrko, Haymo\"\n\t\t\t\tdata-src=\"https:\/\/www.mig.bz\/wp-content\/gallery\/mig_team\/IMG_0712-buona-Large.jpg\"\n\t\t\t\tdata-thumbnail=\"https:\/\/www.mig.bz\/wp-content\/gallery\/mig_team\/thumbs\/thumbs_IMG_0712-buona-Large.jpg\"\n\t\t\t\tdata-image-id=\"181\"\n\t\t\t\tdata-title=\"MiG 1\"\n\t\t\t\tdata-description=\"Michele, Myrko, Haymo\"\n\t\t\t\tdata-image-slug=\"img_0712-buona-large\"\n\t\t\t\t\t\t\t\t\t\t\t\t\t\t\t\t\t\t\t\tclass=\"ngg-fancybox\" rel=\"1477d42ed68dd5a772f2991d96826337\">\n\t\t\t\t\t\t\t\t<img\n\t\t\t\t\ttitle=\"MiG 1\"\n\t\t\t\t\talt=\"MiG 1\"\n\t\t\t\t\tsrc=\"https:\/\/www.mig.bz\/wp-content\/gallery\/mig_team\/thumbs\/thumbs_IMG_0712-buona-Large.jpg\"\n\t\t\t\t\twidth=\"120\"\n\t\t\t\t\theight=\"90\"\n\t\t\t\t\tstyle=\"max-width:100%;\"\n\t\t\t\t\/>\n\t\t\t<\/a>\n\t\t<\/div>\n\t\t\t\t\t\t\t<\/div>\n\t\t\t\n\t\t\n\t\t\t\t<div id=\"ngg-image-2\" class=\"ngg-gallery-thumbnail-box\"\n\t\t\t\t\t\t\t\t\t\t\t>\n\t\t\t\t\t\t<div class=\"ngg-gallery-thumbnail\">\n\t\t\t<a href=\"https:\/\/www.mig.bz\/wp-content\/gallery\/mig_team\/IMG_0724ok-Large.jpg\"\n\t\t\t\ttitle=\"Michele, Myrko, Haymo\"\n\t\t\t\tdata-src=\"https:\/\/www.mig.bz\/wp-content\/gallery\/mig_team\/IMG_0724ok-Large.jpg\"\n\t\t\t\tdata-thumbnail=\"https:\/\/www.mig.bz\/wp-content\/gallery\/mig_team\/thumbs\/thumbs_IMG_0724ok-Large.jpg\"\n\t\t\t\tdata-image-id=\"182\"\n\t\t\t\tdata-title=\"MiG 2\"\n\t\t\t\tdata-description=\"Michele, Myrko, Haymo\"\n\t\t\t\tdata-image-slug=\"img_0724ok-large\"\n\t\t\t\t\t\t\t\t\t\t\t\t\t\t\t\t\t\t\t\tclass=\"ngg-fancybox\" rel=\"1477d42ed68dd5a772f2991d96826337\">\n\t\t\t\t\t\t\t\t<img\n\t\t\t\t\ttitle=\"MiG 2\"\n\t\t\t\t\talt=\"MiG 2\"\n\t\t\t\t\tsrc=\"https:\/\/www.mig.bz\/wp-content\/gallery\/mig_team\/thumbs\/thumbs_IMG_0724ok-Large.jpg\"\n\t\t\t\t\twidth=\"120\"\n\t\t\t\t\theight=\"90\"\n\t\t\t\t\tstyle=\"max-width:100%;\"\n\t\t\t\t\/>\n\t\t\t<\/a>\n\t\t<\/div>\n\t\t\t\t\t\t\t<\/div>\n\t\t\t\n\t\t\n\t\t\t\t<div id=\"ngg-image-3\" class=\"ngg-gallery-thumbnail-box\"\n\t\t\t\t\t\t\t\t\t\t\t>\n\t\t\t\t\t\t<div class=\"ngg-gallery-thumbnail\">\n\t\t\t<a href=\"https:\/\/www.mig.bz\/wp-content\/gallery\/mig_team\/IMG_0261ok-Large.jpg\"\n\t\t\t\ttitle=\"Haymo, Myrko, Michele\"\n\t\t\t\tdata-src=\"https:\/\/www.mig.bz\/wp-content\/gallery\/mig_team\/IMG_0261ok-Large.jpg\"\n\t\t\t\tdata-thumbnail=\"https:\/\/www.mig.bz\/wp-content\/gallery\/mig_team\/thumbs\/thumbs_IMG_0261ok-Large.jpg\"\n\t\t\t\tdata-image-id=\"184\"\n\t\t\t\tdata-title=\"2014\"\n\t\t\t\tdata-description=\"Haymo, Myrko, Michele\"\n\t\t\t\tdata-image-slug=\"img_0261ok-large\"\n\t\t\t\t\t\t\t\t\t\t\t\t\t\t\t\t\t\t\t\tclass=\"ngg-fancybox\" rel=\"1477d42ed68dd5a772f2991d96826337\">\n\t\t\t\t\t\t\t\t<img\n\t\t\t\t\ttitle=\"2014\"\n\t\t\t\t\talt=\"2014\"\n\t\t\t\t\tsrc=\"https:\/\/www.mig.bz\/wp-content\/gallery\/mig_team\/thumbs\/thumbs_IMG_0261ok-Large.jpg\"\n\t\t\t\t\twidth=\"120\"\n\t\t\t\t\theight=\"90\"\n\t\t\t\t\tstyle=\"max-width:100%;\"\n\t\t\t\t\/>\n\t\t\t<\/a>\n\t\t<\/div>\n\t\t\t\t\t\t\t<\/div>\n\t\t\t\n\t\t\n\t\t\t\t<div id=\"ngg-image-4\" class=\"ngg-gallery-thumbnail-box\"\n\t\t\t\t\t\t\t\t\t\t\t>\n\t\t\t\t\t\t<div class=\"ngg-gallery-thumbnail\">\n\t\t\t<a href=\"https:\/\/www.mig.bz\/wp-content\/gallery\/mig_team\/IMG_0412-buona-Large.jpg\"\n\t\t\t\ttitle=\"Michele, Haymo, Myrko\"\n\t\t\t\tdata-src=\"https:\/\/www.mig.bz\/wp-content\/gallery\/mig_team\/IMG_0412-buona-Large.jpg\"\n\t\t\t\tdata-thumbnail=\"https:\/\/www.mig.bz\/wp-content\/gallery\/mig_team\/thumbs\/thumbs_IMG_0412-buona-Large.jpg\"\n\t\t\t\tdata-image-id=\"185\"\n\t\t\t\tdata-title=\"2014\"\n\t\t\t\tdata-description=\"Michele, Haymo, Myrko\"\n\t\t\t\tdata-image-slug=\"img_0412-buona-large\"\n\t\t\t\t\t\t\t\t\t\t\t\t\t\t\t\t\t\t\t\tclass=\"ngg-fancybox\" rel=\"1477d42ed68dd5a772f2991d96826337\">\n\t\t\t\t\t\t\t\t<img\n\t\t\t\t\ttitle=\"2014\"\n\t\t\t\t\talt=\"2014\"\n\t\t\t\t\tsrc=\"https:\/\/www.mig.bz\/wp-content\/gallery\/mig_team\/thumbs\/thumbs_IMG_0412-buona-Large.jpg\"\n\t\t\t\t\twidth=\"120\"\n\t\t\t\t\theight=\"90\"\n\t\t\t\t\tstyle=\"max-width:100%;\"\n\t\t\t\t\/>\n\t\t\t<\/a>\n\t\t<\/div>\n\t\t\t\t\t\t\t<\/div>\n\t\t\t\n\t\t\n\t\t\t\t<div id=\"ngg-image-5\" class=\"ngg-gallery-thumbnail-box\"\n\t\t\t\t\t\t\t\t\t\t\t>\n\t\t\t\t\t\t<div class=\"ngg-gallery-thumbnail\">\n\t\t\t<a href=\"https:\/\/www.mig.bz\/wp-content\/gallery\/mig_team\/IMG_0542-Large.jpg\"\n\t\t\t\ttitle=\"Myrko. Haymo, Michele\"\n\t\t\t\tdata-src=\"https:\/\/www.mig.bz\/wp-content\/gallery\/mig_team\/IMG_0542-Large.jpg\"\n\t\t\t\tdata-thumbnail=\"https:\/\/www.mig.bz\/wp-content\/gallery\/mig_team\/thumbs\/thumbs_IMG_0542-Large.jpg\"\n\t\t\t\tdata-image-id=\"186\"\n\t\t\t\tdata-title=\"2014\"\n\t\t\t\tdata-description=\"Myrko. Haymo, Michele\"\n\t\t\t\tdata-image-slug=\"img_0542-large\"\n\t\t\t\t\t\t\t\t\t\t\t\t\t\t\t\t\t\t\t\tclass=\"ngg-fancybox\" rel=\"1477d42ed68dd5a772f2991d96826337\">\n\t\t\t\t\t\t\t\t<img\n\t\t\t\t\ttitle=\"2014\"\n\t\t\t\t\talt=\"2014\"\n\t\t\t\t\tsrc=\"https:\/\/www.mig.bz\/wp-content\/gallery\/mig_team\/thumbs\/thumbs_IMG_0542-Large.jpg\"\n\t\t\t\t\twidth=\"120\"\n\t\t\t\t\theight=\"90\"\n\t\t\t\t\tstyle=\"max-width:100%;\"\n\t\t\t\t\/>\n\t\t\t<\/a>\n\t\t<\/div>\n\t\t\t\t\t\t\t<\/div>\n\t\t\t\n\t\t\n\t\t\t\t<div id=\"ngg-image-6\" class=\"ngg-gallery-thumbnail-box\"\n\t\t\t\t\t\t\t\t\t\t\t>\n\t\t\t\t\t\t<div class=\"ngg-gallery-thumbnail\">\n\t\t\t<a href=\"https:\/\/www.mig.bz\/wp-content\/gallery\/mig_team\/MiG_Eppan.JPG\"\n\t\t\t\ttitle=\"Michele, Haymo, Myrko\"\n\t\t\t\tdata-src=\"https:\/\/www.mig.bz\/wp-content\/gallery\/mig_team\/MiG_Eppan.JPG\"\n\t\t\t\tdata-thumbnail=\"https:\/\/www.mig.bz\/wp-content\/gallery\/mig_team\/thumbs\/thumbs_MiG_Eppan.JPG\"\n\t\t\t\tdata-image-id=\"187\"\n\t\t\t\tdata-title=\"2013\"\n\t\t\t\tdata-description=\"Michele, Haymo, Myrko\"\n\t\t\t\tdata-image-slug=\"mig_eppan\"\n\t\t\t\t\t\t\t\t\t\t\t\t\t\t\t\t\t\t\t\tclass=\"ngg-fancybox\" rel=\"1477d42ed68dd5a772f2991d96826337\">\n\t\t\t\t\t\t\t\t<img\n\t\t\t\t\ttitle=\"2013\"\n\t\t\t\t\talt=\"2013\"\n\t\t\t\t\tsrc=\"https:\/\/www.mig.bz\/wp-content\/gallery\/mig_team\/thumbs\/thumbs_MiG_Eppan.JPG\"\n\t\t\t\t\twidth=\"120\"\n\t\t\t\t\theight=\"90\"\n\t\t\t\t\tstyle=\"max-width:100%;\"\n\t\t\t\t\/>\n\t\t\t<\/a>\n\t\t<\/div>\n\t\t\t\t\t\t\t<\/div>\n\t\t\t\n\t\t\n\t\t\t\t<div id=\"ngg-image-7\" class=\"ngg-gallery-thumbnail-box\"\n\t\t\t\t\t\t\t\t\t\t\t>\n\t\t\t\t\t\t<div class=\"ngg-gallery-thumbnail\">\n\t\t\t<a href=\"https:\/\/www.mig.bz\/wp-content\/gallery\/mig_team\/MiG.jpg\"\n\t\t\t\ttitle=\"Myrko, Haymo, Michele\"\n\t\t\t\tdata-src=\"https:\/\/www.mig.bz\/wp-content\/gallery\/mig_team\/MiG.jpg\"\n\t\t\t\tdata-thumbnail=\"https:\/\/www.mig.bz\/wp-content\/gallery\/mig_team\/thumbs\/thumbs_MiG.jpg\"\n\t\t\t\tdata-image-id=\"188\"\n\t\t\t\tdata-title=\"2014\"\n\t\t\t\tdata-description=\"Myrko, Haymo, Michele\"\n\t\t\t\tdata-image-slug=\"mig\"\n\t\t\t\t\t\t\t\t\t\t\t\t\t\t\t\t\t\t\t\tclass=\"ngg-fancybox\" rel=\"1477d42ed68dd5a772f2991d96826337\">\n\t\t\t\t\t\t\t\t<img\n\t\t\t\t\ttitle=\"2014\"\n\t\t\t\t\talt=\"2014\"\n\t\t\t\t\tsrc=\"https:\/\/www.mig.bz\/wp-content\/gallery\/mig_team\/thumbs\/thumbs_MiG.jpg\"\n\t\t\t\t\twidth=\"120\"\n\t\t\t\t\theight=\"90\"\n\t\t\t\t\tstyle=\"max-width:100%;\"\n\t\t\t\t\/>\n\t\t\t<\/a>\n\t\t<\/div>\n\t\t\t\t\t\t\t<\/div>\n\t\t\t\n\t\t\n\t\t\t\t<div id=\"ngg-image-8\" class=\"ngg-gallery-thumbnail-box\"\n\t\t\t\t\t\t\t\t\t\t\t>\n\t\t\t\t\t\t<div class=\"ngg-gallery-thumbnail\">\n\t\t\t<a href=\"https:\/\/www.mig.bz\/wp-content\/gallery\/mig_team\/MiG_Percha_Dodge.jpg\"\n\t\t\t\ttitle=\"Myrko, Haymo, Michele\"\n\t\t\t\tdata-src=\"https:\/\/www.mig.bz\/wp-content\/gallery\/mig_team\/MiG_Percha_Dodge.jpg\"\n\t\t\t\tdata-thumbnail=\"https:\/\/www.mig.bz\/wp-content\/gallery\/mig_team\/thumbs\/thumbs_MiG_Percha_Dodge.jpg\"\n\t\t\t\tdata-image-id=\"189\"\n\t\t\t\tdata-title=\"2013\"\n\t\t\t\tdata-description=\"Myrko, Haymo, Michele\"\n\t\t\t\tdata-image-slug=\"mig_percha_dodge\"\n\t\t\t\t\t\t\t\t\t\t\t\t\t\t\t\t\t\t\t\tclass=\"ngg-fancybox\" rel=\"1477d42ed68dd5a772f2991d96826337\">\n\t\t\t\t\t\t\t\t<img\n\t\t\t\t\ttitle=\"2013\"\n\t\t\t\t\talt=\"2013\"\n\t\t\t\t\tsrc=\"https:\/\/www.mig.bz\/wp-content\/gallery\/mig_team\/thumbs\/thumbs_MiG_Percha_Dodge.jpg\"\n\t\t\t\t\twidth=\"120\"\n\t\t\t\t\theight=\"90\"\n\t\t\t\t\tstyle=\"max-width:100%;\"\n\t\t\t\t\/>\n\t\t\t<\/a>\n\t\t<\/div>\n\t\t\t\t\t\t\t<\/div>\n\t\t\t\n\t\t\n\t\t\n\t\t<!-- Pagination -->\n\t\t<div class='ngg-clear'><\/div>\t<\/div>\n<\/p>\n<p>Se hai altre domande o richieste, mandaci un&#8217;email (<a href=\"https:\/\/www.mig.bz\/it\/contatto\/\">info (at) mig.bz<\/a>) o chiamaci al +39 348 6913837<\/p>\n","protected":false},"excerpt":{"rendered":"<p>MiG sta per \u201cM\u00e4nner im Glutrausch\u201d (traduzione libera \u2013 uomini nell\u2019ebbrezza della brace). Stiamo insieme alla griglia dal 1998. Le prime esperienze, [&hellip;]<\/p>\n","protected":false},"author":1,"featured_media":13274,"parent":0,"menu_order":0,"comment_status":"open","ping_status":"open","template":"","meta":{"ngg_post_thumbnail":0,"footnotes":""},"class_list":["post-413","page","type-page","status-publish","has-post-thumbnail","hentry"],"_links":{"self":[{"href":"https:\/\/www.mig.bz\/it\/wp-json\/wp\/v2\/pages\/413","targetHints":{"allow":["GET"]}}],"collection":[{"href":"https:\/\/www.mig.bz\/it\/wp-json\/wp\/v2\/pages"}],"about":[{"href":"https:\/\/www.mig.bz\/it\/wp-json\/wp\/v2\/types\/page"}],"author":[{"embeddable":true,"href":"https:\/\/www.mig.bz\/it\/wp-json\/wp\/v2\/users\/1"}],"replies":[{"embeddable":true,"href":"https:\/\/www.mig.bz\/it\/wp-json\/wp\/v2\/comments?post=413"}],"version-history":[{"count":7,"href":"https:\/\/www.mig.bz\/it\/wp-json\/wp\/v2\/pages\/413\/revisions"}],"predecessor-version":[{"id":13281,"href":"https:\/\/www.mig.bz\/it\/wp-json\/wp\/v2\/pages\/413\/revisions\/13281"}],"wp:featuredmedia":[{"embeddable":true,"href":"https:\/\/www.mig.bz\/it\/wp-json\/wp\/v2\/media\/13274"}],"wp:attachment":[{"href":"https:\/\/www.mig.bz\/it\/wp-json\/wp\/v2\/media?parent=413"}],"curies":[{"name":"wp","href":"https:\/\/api.w.org\/{rel}","templated":true}]}}