{"id":7839,"date":"2015-03-25T00:41:55","date_gmt":"2015-03-24T22:41:55","guid":{"rendered":"http:\/\/www.mig.bz\/?page_id=7839"},"modified":"2019-03-04T21:06:13","modified_gmt":"2019-03-04T20:06:13","slug":"privacy","status":"publish","type":"page","link":"https:\/\/www.mig.bz\/it\/privacy\/","title":{"rendered":"Privacy"},"content":{"rendered":"<p>Siamo lieti del vostro interesse per il nostro sito Web. La protezione della vostra privacy \u00e8 molto importante per noi. Ai sensi del Regolamento europeo sulla privacy, di seguito forniamo informazioni dettagliate in merito alla gestione dei vostri dati.<\/p>\n<ul style=\"list-style-type: square;\">\n<li><strong>Nome e indirizzo del responsabile<\/strong><\/li>\n<\/ul>\n<p>La persona responsabile ai sensi del Regolamento europeo sulla protezione dei dati personali e altre leggi nazionali sulla protezione dei dati degli Stati membri e altre normative sulla protezione dei dati \u00e8:<\/p>\n<p>MiG OHG des Leitner Myrko&amp;Co<br \/>\nVia Badl<br \/>\n39032 Campo Tures<\/p>\n<ul style=\"list-style-type: square;\">\n<li><strong>Rilevamento, elaborazione e utilizzo di dati personali<\/strong><\/li>\n<\/ul>\n<p>L\u2019utente pu\u00f2 visitare il nostro sito senza fornire indicazioni sulla propria persona. Ci limitiamo a memorizzare i dati di accesso senza riferimenti personali, come ad esempio l\u2019indirizzo IP, il nome del provider del servizio Internet, la pagina Web da cui l\u2019utente ci visita oppure il nome del file richiesto. Questi dati vengono analizzati esclusivamente per migliorare la nostra offerta e non consentono in alcun modo di risalire alla vostra persona.<\/p>\n<p>I dati personali verranno raccolti solo se l\u2019utente ci fornisce volontariamente tali dati nell&#8217;ambito della registrazione di un prodotto, quando ci contatta tramite il nostro modulo di contatto, quando si iscrive alla nostra newsletter o all&#8217;iscrizione ad un corso. Utilizziamo i dati forniti dall\u2019utente senza il consenso separato esclusivamente per l&#8217;adempimento del rispettivo scopo, sempre che l\u2019utente non ne abbia espressamente autorizzato l&#8217;ulteriore utilizzo.<\/p>\n<p>\u200bNel caso di una richiesta di contatto tramite il modulo di contatto sul nostro sito Web, vengono raccolti e memorizzati i seguenti dati personali: Nome, cognome, indirizzo e indirizzo e-mail. I dati dell\u2019utente verranno archiviati solo per elaborare la sua richiesta di contatto e saranno condivisi internamente. All&#8217;evasione completa della richiesta di contatto, i dati dell\u2019utente vengono bloccati, sempre che l\u2019utente non ne abbia espressamente autorizzato l&#8217;ulteriore utilizzo.<\/p>\n<p>Per le registrazioni ai corsi tramite il nostro sito Web, vengono raccolti e archiviati il nome, il cognome, l&#8217;indirizzo, l&#8217;indirizzo e-mail e il numero di telefono. Trascorsi i termini di conservazione previsti dalle leggi fiscali e commerciali, i dati vengono eliminati, sempre che l\u2019utente non ne abbia espressamente autorizzato l&#8217;ulteriore utilizzo.<br \/>\nCon l&#8217;iscrizione alla newsletter vengono memorizzati nome, cognome, indirizzo e indirizzo e-mail. I dati vengono utilizzati per scopi pubblicitari fino a quando l\u2019utente non annulla l\u2019iscrizione alla newsletter. L\u2019annullamento \u00e8 possibile in qualsiasi momento mediante la funzione di annullamento automatica presente alla fine della nostra newsletter, tramite semplice messaggio via e-mail all\u2019indirizzo info@mig.bz oppure inviando un messaggio scritto a MiG OHG des Leitner Myrko&amp;Co, Via Badl 79, 39032 Campo Tures.<\/p>\n<p>\u200bNel momento in cui otteniamo il consenso dell&#8217;interessato per il trattamento dei dati personali, si applica l\u2019art. 6 comma 1 lett. a del Regolamento generale sulla protezione dei dati dell&#8217;UE (GDPR) come base giuridica.<\/p>\n<p>Per il trattamento dei dati personali necessari per l&#8217;esecuzione di un contratto di cui l&#8217;interessato \u00e8 una parte, si applica l\u2019art. 6 comma 1 lett. b DGPR come base legale. Ci\u00f2 vale anche per le operazioni di trattamento necessarie per eseguire azioni precontrattuali.<br \/>\nNella misura in cui il trattamento dei dati personali \u00e8 necessario per adempiere a un obbligo legale che regola la nostra attivit\u00e0, si applica l\u2019art. 6 comma 1 lett. c DGPR come base legale.<\/p>\n<ul style=\"list-style-type: square;\">\n<li><strong>Uso di cookie<\/strong><\/li>\n<\/ul>\n<p>Per rendere pi\u00f9 interessante la visita del nostro sito web e consentire l&#8217;utilizzo di determinate funzioni, utilizziamo i cosiddetti cookie in svariate pagine. Si tratta di piccoli file di testo che vengono memorizzati sul vostro terminale. Alcuni dei cookie da noi utilizzati vengono cancellati al termine della sessione del browser, ossia dopo che il vostro browser viene chiuso (i cosiddetti cookie di sessione). Altri cookie rimangono sul vostro terminale e consentono a noi o alle aziende nostre partner di riconoscere il vostro browser alla visita successiva (cookie persistenti).<\/p>\n<p>Potete impostare il vostro browser in modo da essere informati in merito all&#8217;impostazione dei cookie. In questo modo, potete decidere singolarmente sulla loro accettazione o sull&#8217;accettazione dei cookie per determinati casi, oppure potete escludere tale accettazione in generale. La mancata accettazione dei cookie pu\u00f2 limitare la funzionalit\u00e0 del nostro sito web.<\/p>\n<ul style=\"list-style-type: square;\">\n<li><strong>Analisi web con Google Analytics<\/strong><\/li>\n<\/ul>\n<p>Questo sito Web utilizza Google Analytics, un servizio di analisi Web di Google Inc. 600 Amphitheatre Pkwy, Mountain View, CA 94043, USA (\u201eGoogle\u201c). Google Analytics utilizza i cosiddetti &#8220;cookies&#8221;, ossia file di testo che vengono salvati sul vostro computer e che consentono di analizzare il modo in cui usate il sito web. Le informazioni generate mediante il cookie in merito al vostro utilizzo di questo sito vengono generalmente trasmesse a un server di Google negli Stati Uniti, dove vengono memorizzate. In caso di attivazione dell&#8217;anonimizzazione dell&#8217;IP su questo sito web, il vostro indirizzo IP verr\u00e0 troncato da Google all&#8217;interno degli Stati membri dell&#8217;Unione europea o in altri Stati aderenti alla convenzione sullo Spazio economico europeo. Solo in casi eccezionali l&#8217;indirizzo IP verr\u00e0 trasmesso per intero a un server di Google negli Stati Uniti e qui troncato. Su incarico del gestore di tale sito web, Google utilizzer\u00e0 queste informazioni per analizzare il vostro utilizzo del sito, per redigere rapporti sulle attivit\u00e0 del sito e per fornire ulteriori servizi collegati all&#8217;utilizzo del sito e di Internet nei confronti del gestore del sito medesimo. L&#8217;indirizzo IP trasmesso dal vostro browser nell&#8217;ambito di Google Analytics non verr\u00e0 associato ad altri dati di Google. Potete impedire il salvataggio dei cookie con un&#8217;apposita impostazione del vostro browser; tuttavia, facciamo presente che in questo caso potrebbe non essere possibile utilizzare per intero tutte le funzioni di questo sito web.<br \/>\nInoltre, potete impedire il rilevamento dei dati generati dal cookie in riferimento al vostro uso del sito web (incl. il vostro indirizzo IP) a Google e l&#8217;elaborazione di questi dati da parte di Google scaricando e installando il plugin per browser disponibile al seguente link: http:\/\/tools.google.com\/dlpage\/gaoptout?hl=it<\/p>\n<ul style=\"list-style-type: square;\">\n<li><strong>Google Maps<\/strong><\/li>\n<\/ul>\n<p>Questo sito utilizza il servizio di mappe di Google Maps tramite un&#8217;API. Il fornitore \u00e8 Google Inc., 1600 Amphithetre Parway, Mountain View, CA 94043, USA. Per utilizzare le funzionalit\u00e0 di Google Maps, \u00e8 necessario salvare il tuo indirizzo IP. Questa informazione viene solitamente trasmessa e memorizzata su un server di Google negli Stati Uniti. Il fornitore di questo sito non ha alcuna influenza su questo trasferimento di dati. L&#8217;uso di Google Maps \u00e8 nell&#8217;interesse di una presentazione attraente delle nostre offerte online e di una facile reperibilit\u00e0 dei luoghi che abbiamo indicato sul sito web. Ci\u00f2 costituisce un interesse legittimo ai sensi dell&#8217;articolo 6 capoverso 1 lettera lit. GDPR: per ulteriori informazioni su come trattare i dati dell&#8217;utente, consultare l&#8217;Informativa sulla privacy di Google: https:\/\/www.google.com\/intl\/it\/policies\/privacy\/.<\/p>\n<ul style=\"list-style-type: square;\">\n<li><strong>Inoltro di dati personali<\/strong><\/li>\n<\/ul>\n<p>Non viene applicato il trasferimento dei dati a terzi.<\/p>\n<ul style=\"list-style-type: square;\">\n<li><strong>Remarketing\/Retargeting di Facebook<\/strong><\/li>\n<\/ul>\n<p>Utilizziamo i tag di retargeting sui nostri siti Web di Facebook Inc., 1601 Willow Rd, Menlo Park, CA 94025 USA (\u201eFacebook\u201c). Questi tag di retargeting sono implementati da cookie e pixel sul sito Web. Quando si visita il nostro sito Web, i tag di retargeting vengono utilizzati per stabilire una connessione diretta tra il browser e il server di Facebook. Questo conferisce a Facebook l\u2019informazione che l\u2019utente ha visitato il nostro sito Web con il proprio dispositivo. Ci\u00f2 consente al dispositivo di essere aggiunto a un elenco di gruppi mirati di retargeting. Possiamo utilizzare le informazioni ricevute per visualizzare annunci pubblicitari sui siti Web a cui l\u2019utente accede con il proprio dispositivo. Sottolineiamo che in qualit\u00e0 di fornitore delle pagine non siamo a conoscenza del contenuto dei dati trasmessi e del rispettivo utilizzo da parte di Facebook. Ulteriori informazioni sono disponibili nell&#8217;informativa sulla privacy di Facebook all&#8217;indirizzo https:\/\/www.facebook.com\/about\/privacy\/.<br \/>\nSe l\u2019utente non desidera la raccolta di dati nel contesto del remarketing\/retargeting di Facebook, pu\u00f2 impostarlo all\u2019indirizzo https:\/\/www.facebook.com\/ads\/website_custom_audiences\/.<\/p>\n<ul style=\"list-style-type: square;\">\n<li><strong>Retargeting di Google Adwords<\/strong><\/li>\n<\/ul>\n<p>Utilizziamo anche tag di retargeting sui nostri siti Web di Google Inc. 600 Amphitheatre Pkwy, Mountain View, CA 94043, USA (\u201eGoogle\u201c). Questi tag di retargeting sono implementati da cookie e pixel sul sito Web. Quando si visita il nostro sito Web, i tag di retargeting vengono utilizzati per stabilire una connessione diretta tra il browser e il server di Google. Questo conferisce a Google l\u2019informazione che l\u2019utente ha visitato il nostro sito Web con il proprio dispositivo. Ci\u00f2 consente al dispositivo di essere aggiunto a un elenco di gruppi mirati di retargeting. Possiamo utilizzare le informazioni ricevute per visualizzare annunci pubblicitari sui siti Web a cui l\u2019utente accede con il proprio dispositivo. Sottolineiamo che in qualit\u00e0 di fornitore delle pagine non siamo a conoscenza del contenuto dei dati trasmessi e del rispettivo utilizzo da parte di Google. Ulteriori informazioni sono disponibili nell&#8217;informativa sulla privacy di Google all\u2019indirizzo https:\/\/policies.google.com\/privacy?hl=it&amp;gl=it<br \/>\nSe l\u2019utente non desidera la raccolta di dati nel contesto del remarketing\/retargeting di Google, pu\u00f2 impostarlo in \u201cOpzioni di visualizzazione di Google\u201d (http:\/\/www.google.com\/settings\/ads) e alla pagina http:\/\/www.youronlinechoices.eu\/.<\/p>\n<ul style=\"list-style-type: square;\">\n<li><strong>Utilizzo dei social plugin di Facebook, Google+, Twitter e LinkedIn<\/strong><\/li>\n<\/ul>\n<p>Sul nostro sito Web vengono utilizzati i cosiddetti social plugin (plugin) delle reti social Facebook, Google+, Twitter e LinkedIn. Questi servizi vengono offerti dalle aziende Facebook Inc., Google Inc., Twitter Inc. e LinkedIn Ireland Unlimited Company (\u201cOperatori\u201d). Facebook \u00e8 gestito da Facebook Inc., 1601 S. California Ave, Palo Alto, CA 94304, USA (\u201cFacebook\u201d). Google+ \u00e8 gestito da Google Inc., 1600 Amphitheatre Parkway, Mountain View, CA 94043, USA (\u201cGoogle\u201d). Twitter \u00e8 gestito da Twitter International Company, One Cumberland Place, Feninan Street, Dublin 2, D02 AX07, Irlanda (\u201eTwitter\u201c). LinkedIn \u00e8 gestito da LinkedIn Ireland Unlimited Company, Wilton Place, Dublin, Irlanda (\u201eLinkedIn\u201c). Per una panoramica dei plugin e del loro aspetto, consultare i seguenti link:<\/p>\n<p>Facebook: http:\/\/developers.facebook.com\/plugins<br \/>\nGoogle+: https:\/\/developers.google.com\/+\/plugins<br \/>\nTwitter: https:\/\/dev.twitter.com\/web\/tweet-button<br \/>\nLinkedIn: https:\/\/developer.linkedin.com\/plugins#<\/p>\n<p>\u200bQuando l\u2019utente visita una pagina del nostro sito Web che contiene tale plug-in, il browser dell\u2019utente stabilisce una connessione diretta ai server di Google, Facebook, Twitter e LinkedIn. Il contenuto del plugin viene trasmesso dal rispettivo operatore direttamente al vostro browser e integrato nella pagina. Tramite l&#8217;integrazione del plugin, gli operatori ricevono l&#8217;informazione che il vostro browser ha compiuto l&#8217;accesso alla relativa pagina del nostro sito, anche se voi non possedete un profilo nella rete social in questione oppure non avete ancora effettuato il login. Queste informazioni (incluso il vostro indirizzo IP) vengono trasmesse dal vostro browser direttamente a un server del rispettivo operatore negli Stati Uniti o in Irlanda e qui memorizzate.<br \/>\nSe avete effettuato il login in una delle reti social, gli operatori possono associare la visita del nostro sito web al vostro profilo di Facebook, Google+, Twitter o LinkedIn. Se interagite con il plugin, ad esempio azionando il pulsante \u201cMi piace\u201d oppure \u201c+1\u201d, la relativa informazione viene a sua volta trasmessa direttamente a un server dell&#8217;operatore e qui memorizzata. Le informazioni, inoltre, vengono pubblicate nel social network, dove vengono visualizzati i vostri contatti.<\/p>\n<p>Scopo e portata del rilevamento dati e dell&#8217;ulteriore elaborazione e utilizzo dei dati da parte dell&#8217;operatore, nonch\u00e9 i vostri diritti a questo riguardo e le possibilit\u00e0 di impostazione per la tutela della vostra privacy possono essere ricavati dalle note sulla privacy dell&#8217;operatore.<\/p>\n<p>Note sulla protezione dei dati di Facebook:<br \/>\nhttp:\/\/www.facebook.com\/policy.php<\/p>\n<p>Note sulla protezione dei dati di Google:<br \/>\nhttp:\/\/www.google.com\/intl\/de\/+\/policy\/+1button.html<\/p>\n<p>Note sulla protezione dei dati di Twitter:<br \/>\nhttps:\/\/twitter.com\/it\/privacy<\/p>\n<p>Note sulla protezione dei dati di LinkedIn:<br \/>\nhttps:\/\/www.linkedin.com\/legal\/privacy-policy?_l=it_IT<\/p>\n<p>Se non desiderate che Google, Facebook, Twitter oppure LinkedIn associno i dati raccolti tramite il nostro sito Web direttamente al vostro profilo nel rispettivo social network, prima di visitare il nostro sito dovete effettuare il logout dal network corrispondente. \u00c8 possibile impedire il caricamento del plugin anche con degli add-on per il vostro browser, ad esempio il plugin Facebook con il Facebook Blocker (http:\/\/webgraph.com\/resources\/facebookblocker\/)<\/p>\n<ul style=\"list-style-type: square;\">\n<li><strong>Diritti della persona interessata<\/strong><\/li>\n<\/ul>\n<p>Ogni persona interessata ha il diritto di<\/p>\n<ul style=\"list-style-type: disc;\">\n<li>informazioni ai sensi dell\u2019art. 15 DGPR,<\/li>\n<li>rettifica ai sensi dell\u2019art. 16 DGPR,<\/li>\n<li>cancellazione ai sensi dell\u2019art. 17 DGPR,<\/li>\n<li>limitazione del trattamento ai sensi dell\u2019art. 18 DGPR,<\/li>\n<li>portabilit\u00e0 dei dati ai sensi dell\u2019art. 20 DGPR.<\/li>\n<\/ul>\n<p>Per quanto riguarda il diritto all&#8217;informazione e il diritto di cancellazione, si applicano le restrizioni del art. 77 GDPR.<\/p>\n<ul style=\"list-style-type: square;\">\n<li><strong>Referente per la privacy<\/strong><\/li>\n<\/ul>\n<p>Per domande su rilevamento, elaborazione o utilizzo dei vostri dati personali e per informazioni, rettifiche, blocco o cancellazioni di dati e revoca di autorizzazioni concesse, si prega di rivolgersi a: info@mig.bz oppure a noi attraverso i dati di contatto sopra menzionati.<br \/>\nL&#8217;autorizzazione all&#8217;utilizzo dei dati per pubblicit\u00e0 e ricerche di mercato pu\u00f2 essere revocata per intero o in parte in qualsiasi momento. L\u2019utente \u00e8 invitato a inviare la revoca tramite e-mail all\u2019indirizzo info@mig.bz oppure al nostro indirizzo.<\/p>\n<p>La nostra prassi di protezione dati \u00e8 conforme al Regolamento generale sulla protezione dei dati dell&#8217;UE (GDPR).<\/p>\n","protected":false},"excerpt":{"rendered":"<p>Siamo lieti del vostro interesse per il nostro sito Web. La protezione della vostra privacy \u00e8 molto importante per noi. Ai sensi [&hellip;]<\/p>\n","protected":false},"author":1,"featured_media":0,"parent":0,"menu_order":0,"comment_status":"closed","ping_status":"closed","template":"","meta":{"ngg_post_thumbnail":0,"footnotes":""},"class_list":["post-7839","page","type-page","status-publish","hentry"],"_links":{"self":[{"href":"https:\/\/www.mig.bz\/it\/wp-json\/wp\/v2\/pages\/7839","targetHints":{"allow":["GET"]}}],"collection":[{"href":"https:\/\/www.mig.bz\/it\/wp-json\/wp\/v2\/pages"}],"about":[{"href":"https:\/\/www.mig.bz\/it\/wp-json\/wp\/v2\/types\/page"}],"author":[{"embeddable":true,"href":"https:\/\/www.mig.bz\/it\/wp-json\/wp\/v2\/users\/1"}],"replies":[{"embeddable":true,"href":"https:\/\/www.mig.bz\/it\/wp-json\/wp\/v2\/comments?post=7839"}],"version-history":[{"count":3,"href":"https:\/\/www.mig.bz\/it\/wp-json\/wp\/v2\/pages\/7839\/revisions"}],"predecessor-version":[{"id":13384,"href":"https:\/\/www.mig.bz\/it\/wp-json\/wp\/v2\/pages\/7839\/revisions\/13384"}],"wp:attachment":[{"href":"https:\/\/www.mig.bz\/it\/wp-json\/wp\/v2\/media?parent=7839"}],"curies":[{"name":"wp","href":"https:\/\/api.w.org\/{rel}","templated":true}]}}