{"id":7843,"date":"2015-03-25T00:53:00","date_gmt":"2015-03-24T22:53:00","guid":{"rendered":"http:\/\/www.mig.bz\/?page_id=7843"},"modified":"2019-03-04T20:54:53","modified_gmt":"2019-03-04T19:54:53","slug":"colofone","status":"publish","type":"page","link":"https:\/\/www.mig.bz\/it\/colofone\/","title":{"rendered":"Colofone"},"content":{"rendered":"<p>MiG SNC di Leitner Myrko&amp;Co<br \/>\n<span style=\"line-height: 1.5;\">Via Badl 79<br \/>\n<\/span><span style=\"line-height: 1.5;\">39032 Campo Tures<br \/>\n<\/span><span style=\"line-height: 1.5;\">info@mig.bz<\/span><\/p>\n<p>Part.IVA: 02903510218<\/p>\n<p>Diritti d&#8217;autore: Myrko Leitner, MiG<\/p>\n<p>Copyright (C) webdesign:<br \/>\nMyrko Leitner<br \/>\n<span style=\"line-height: 1.5;\">Via Badl 79<br \/>\n<\/span><span style=\"line-height: 1.5;\">39032 Campo Tures<\/span><\/p>\n<p>Esclusione della responsabilit\u00e0 \/ condizioni generali \/ suggerimenti:<\/p>\n<p>1. Contenuti<\/p>\n<p>L&#8217;autore si propone di pubblicare su questo sito Internet esclusivamente informazioni aggiornate, utili e oggettivamente corrette. Ci\u00f2 nonostante non risponde dell&#8217;attualit\u00e0, la correttezza, la completezza o la qualit\u00e0 delle informazioni disponibili e diffuse. Si esclude qualsiasi responsabilit\u00e0 avanzata nei confronti dell&#8217;autore, per danni dovuti all&#8217;uso o meno delle informazioni offerte o dall&#8217;uso d&#8217;informazioni errate o incomplete. Questo vale in particolare per il caso in cui non sia possibile indicare una responsabilit\u00e0 premeditata dell&#8217;autore. Tutte le nostre proposte sono senza alcun impegno e non vincolanti. Ci riserviamo espressamente il diritto di modificare, integrare, eliminare o sospendere temporaneamente o definitivamente la pubblicazione di intere pagine o parti di esse riportanti le nostre proposte senza bisogno di precedente avviso.<\/p>\n<p>2. Link ipertestuali<\/p>\n<p>Ci dichiariamo liberi da qualsiasi responsabilit\u00e0 per i contenuti di siti Internet di terzi cio\u00e8 al di l\u00e0 della nostra influenza, sebbene siano collegati alle nostre pagine e quindi raggiungibili per mezzo di un semplice link ipertestuale. Dichiariamo espressamente che al momento dell&#8217;impostazione del link, le pagine del sito Internet in questione sono risultate essere libere da contenuti illegali; al tempo stesso ci distanziamo da qualsiasi contenuto di pagine estranee collegate e modificate in seguito all&#8217;impostazione del link. Questa dichiarazione vale per tutti i link presenti sulle nostre pagine Internet e per tutti i riferimenti cos\u00ec come per le iscrizioni nei nostri Libri degli ospiti, Fori di discussione e Mailing list.<br \/>\nPreghiamo cortesemente tutti i nostri utenti ad informarci immediatamente non appena una delle pagine collegate a mezzo link dovesse presentare dei contenuti illegali, indecenti o avversi alla concorrenza, in modo da verificare lo stato di cose ed eventualmente scollegare il link.<\/p>\n<p>3. Diritti d&#8217;autore e di emblema<\/p>\n<p>L&#8217;autore \u00e8 intento ad osservare in tutte le sue pubblicazioni le disposizioni in vigore in materia di diritti di autore. Qualora non specificato diversamente si tratta pertanto di contenuti di questo sito Internet sottoforma di materiale o contenuti liberi da licenza o licenziati realizzati in proprio. Contenuti di terzi sono stati contrassegnati espressamente con la rispettiva sigla indicante i diritti d&#8217;autore o con riferimenti indicanti l&#8217;autore.<br \/>\nTutti gli marchi d&#8217;impresa e le marche indicate sul nostro sito eventualmente protetti da diritti di terzi sono appieno soggetti a quanto previsto dal diritto di emblema in vigore e dai diritti di propriet\u00e0 dei rispettivi proprietari registrati. La sola citazione non consente di dedurre che il marchio non sia di fatto protetto dai diritti di terzi!<br \/>\nIl diritto d&#8217;autore per oggetti da noi pubblicati spetta esclusivamente ai autori di questi oggetti. Una riproduzione o un uso di tali grafici, documenti su nastro, sequenze video e testi in altro formato elettronico o di riproduzione stampa non \u00e8 consentito senza precedente ed esplicito consenso da parte dell&#8217;autore.<\/p>\n<p>4. Efficacia giuridica<\/p>\n<p>Nel caso in cui parti o singole espressioni riportate nel presente testo non dovessero rispondere, non pi\u00f9 rispondere o non rispondere completamente allo stato giuridico in vigore, le rimanenti parti del documento rimangono invariate in quanto a contenuto e validit\u00e0.<\/p>\n","protected":false},"excerpt":{"rendered":"<p>MiG SNC di Leitner Myrko&amp;Co Via Badl 79 39032 Campo Tures info@mig.bz Part.IVA: 02903510218 Diritti d&#8217;autore: Myrko Leitner, MiG Copyright (C) webdesign: [&hellip;]<\/p>\n","protected":false},"author":1,"featured_media":0,"parent":0,"menu_order":0,"comment_status":"closed","ping_status":"closed","template":"","meta":{"ngg_post_thumbnail":0,"footnotes":""},"class_list":["post-7843","page","type-page","status-publish","hentry"],"_links":{"self":[{"href":"https:\/\/www.mig.bz\/it\/wp-json\/wp\/v2\/pages\/7843","targetHints":{"allow":["GET"]}}],"collection":[{"href":"https:\/\/www.mig.bz\/it\/wp-json\/wp\/v2\/pages"}],"about":[{"href":"https:\/\/www.mig.bz\/it\/wp-json\/wp\/v2\/types\/page"}],"author":[{"embeddable":true,"href":"https:\/\/www.mig.bz\/it\/wp-json\/wp\/v2\/users\/1"}],"replies":[{"embeddable":true,"href":"https:\/\/www.mig.bz\/it\/wp-json\/wp\/v2\/comments?post=7843"}],"version-history":[{"count":4,"href":"https:\/\/www.mig.bz\/it\/wp-json\/wp\/v2\/pages\/7843\/revisions"}],"predecessor-version":[{"id":13382,"href":"https:\/\/www.mig.bz\/it\/wp-json\/wp\/v2\/pages\/7843\/revisions\/13382"}],"wp:attachment":[{"href":"https:\/\/www.mig.bz\/it\/wp-json\/wp\/v2\/media?parent=7843"}],"curies":[{"name":"wp","href":"https:\/\/api.w.org\/{rel}","templated":true}]}}