{"id":7849,"date":"2015-03-25T09:24:23","date_gmt":"2015-03-25T07:24:23","guid":{"rendered":"http:\/\/www.mig.bz\/?page_id=7849"},"modified":"2020-04-21T12:30:03","modified_gmt":"2020-04-21T11:30:03","slug":"grillseminare","status":"publish","type":"page","link":"https:\/\/www.mig.bz\/it\/grillseminare\/","title":{"rendered":"Grillseminare"},"content":{"rendered":"<h1>&#8220;Nice to meat you&#8221; &#8211; I nostri corsi<\/h1>\n<p>Non esiste una stagione per grigliare, si f\u00e0 tutto l&#8217;anno. Qui trovi un&#8217;elenco dei nostri corsi.<\/p>\n<div id=\"accordion-1\" class=\"accordion no-js\"><\/p>\n<p>\n\t\t\t\t\t<h3 role=\"button\" id=\"accordion-1-t1\" class=\"accordion-title js-accordion-controller\" aria-controls=\"accordion-1-c1\" aria-expanded=\"false\" tabindex=\"0\">\n\t\t\t\t+ Highlights dalla griglia\t\t\t<\/h3>\n\t\t\n\t\t<div id=\"accordion-1-c1\" class=\"accordion-content\" aria-hidden=\"true\">\n\t\t\t<\/p>\n<p>Il corso di partenza per tutti che vogliono pi\u00f9 che una salsiccia e una tradizionale bistecchina. Vi facciamo vedere i vari attrezzi &#8211; da gas al carbone all&#8217;elettrico &#8211; e vi facciamo vedere tecniche diverse.<\/p>\n<p>[<a href=\"https:\/\/www.mig.bz\/kulinarische-highlights-vom-grill\/\">Dettagli&#8230;<\/a>]<\/p>\n<p>\t\t<\/div>\n\n\t\t<\/p>\n<p>\n\t\t\t\t\t<h3 role=\"button\" id=\"accordion-1-t2\" class=\"accordion-title js-accordion-controller\" aria-controls=\"accordion-1-c2\" aria-expanded=\"false\" tabindex=\"0\">\n\t\t\t\t+ Steak it easy\t\t\t<\/h3>\n\t\t\n\t\t<div id=\"accordion-1-c2\" class=\"accordion-content\" aria-hidden=\"true\">\n\t\t\t<\/p>\n<p>&#8220;Tutto al di sotto di 4 cm di spessore \u00e8 chiamato Carpaccio.&#8221; Volevi gi\u00e0 sapere da sempre come si prepara la bistecca giusta?<\/p>\n<p>Passeremo passo per passo il sistema. Spiegheremo i vari tagli delle bistecche, i punti di cottura con i relativi tempi di cottura e la spezie adatte. I vari sistemi di preparazione alla griglia e gli attrezzi logicamente sono compresi nella spiegazione.<\/p>\n<p>[<a href=\"https:\/\/www.mig.bz\/steak-it-easy\/\">Dettagli&#8230;<\/a>]<\/p>\n<p>\t\t<\/div>\n\n\t\t<\/p>\n<p>\n\t\t\t\t\t<h3 role=\"button\" id=\"accordion-1-t3\" class=\"accordion-title js-accordion-controller\" aria-controls=\"accordion-1-c3\" aria-expanded=\"false\" tabindex=\"0\">\n\t\t\t\t+ Burger Burger Burger\t\t\t<\/h3>\n\t\t\n\t\t<div id=\"accordion-1-c3\" class=\"accordion-content\" aria-hidden=\"true\">\n\t\t\t<\/p>\n<p>Il classico dalla griglia &#8211; Hamburger. Costruito da un panino &#8211; denominato Bun &#8211; vari strati diversi e la carne, il classico Patty. Non esiste il Hamburger standard, come non esiste il gusto standard. Burger, sono individuali.<\/p>\n<p>Vi facciamo vedere la tecnica giusta alla griglia per preparare il Burger e vi diamo varie idee e ispirazioni.<\/p>\n<p>[<a href=\"https:\/\/www.mig.bz\/burger-burger-burger\/\">Dettagli&#8230;<\/a>]<\/p>\n<p>\t\t<\/div>\n\n\t\t<\/p>\n<p>\n\t\t\t\t\t<h3 role=\"button\" id=\"accordion-1-t4\" class=\"accordion-title js-accordion-controller\" aria-controls=\"accordion-1-c4\" aria-expanded=\"false\" tabindex=\"0\">\n\t\t\t\t+ Alpine Grill&amp;BBQ\t\t\t<\/h3>\n\t\t\n\t\t<div id=\"accordion-1-c4\" class=\"accordion-content\" aria-hidden=\"true\">\n\t\t\t<\/p>\n<p>Questo \u00e8 il ns. slogan. La cucina Sudtirolese \u00e8 molto vasta e offre influssi dal Nord come dal Sud. Cerchiamo d&#8217;interpretare i classici della ns. cucina con materie prime regionali sulla griglia.<\/p>\n<p>[<a href=\"https:\/\/www.mig.bz\/alpine-grill-bbq\/\">Dettagli&#8230;<\/a>]<\/p>\n<p>\t\t<\/div>\n\n\t\t<\/p>\n<p>\n\t\t\t\t\t<h3 role=\"button\" id=\"accordion-1-t5\" class=\"accordion-title js-accordion-controller\" aria-controls=\"accordion-1-c5\" aria-expanded=\"false\" tabindex=\"0\">\n\t\t\t\t+ Pesce dalla griglia\t\t\t<\/h3>\n\t\t\n\t\t<div id=\"accordion-1-c5\" class=\"accordion-content\" aria-hidden=\"true\">\n\t\t\t<\/p>\n<p>Pesce, insieme a carne e verdure, \u00e8 da trovare spesso alla griglia. Remiamo insieme a nuove coste grigliando pesce. Non aver paura, non \u00e8 complicato lavorae con il pesce alla griglia.<\/p>\n<p>[<a href=\"https:\/\/www.mig.bz\/fisch-vom-grill\/\">Dettagli&#8230;<\/a>]<\/p>\n<p>\t\t<\/div>\n\n\t\t<\/p>\n<p>\n\t\t\t\t\t<h3 role=\"button\" id=\"accordion-1-t6\" class=\"accordion-title js-accordion-controller\" aria-controls=\"accordion-1-c6\" aria-expanded=\"false\" tabindex=\"0\">\n\t\t\t\t+ A Kettle arount the World\t\t\t<\/h3>\n\t\t\n\t\t<div id=\"accordion-1-c6\" class=\"accordion-content\" aria-hidden=\"true\">\n\t\t\t<\/p>\n<p>La griglia a sfera \u00e8 uno degli attrezzi pi\u00f9 versatili. George Stephen, con la sua invenzione del 1952, ha fatto partire una marcia di vittora nei giardini americani. Oggi la griglia a sfera \u00e8 quasi un sinonimo per Weber.<\/p>\n<p>[<a href=\"https:\/\/www.mig.bz\/rund-um-die-welt-mit-dem-kugelgrill\/\">Dettagli&#8230;<\/a>]<\/p>\n<p>\t\t<\/div>\n\n\t\t<\/p>\n<p>\n\t\t\t\t\t<h3 role=\"button\" id=\"accordion-1-t7\" class=\"accordion-title js-accordion-controller\" aria-controls=\"accordion-1-c7\" aria-expanded=\"false\" tabindex=\"0\">\n\t\t\t\t+ From Nose to Tail\t\t\t<\/h3>\n\t\t\n\t\t<div id=\"accordion-1-c7\" class=\"accordion-content\" aria-hidden=\"true\">\n\t\t\t<\/p>\n<p>Il corso dedicato al quinto quarto. Un&#8217;animale ha solo pezzi pregiati!<\/p>\n<p>[<a href=\"https:\/\/www.mig.bz\/nose-to-tail\/\">Dettagli&#8230;<\/a>]<\/p>\n<p>\t\t<\/div>\n\n\t\t<\/p>\n<p>\n\t\t\t\t\t<h3 role=\"button\" id=\"accordion-1-t8\" class=\"accordion-title js-accordion-controller\" aria-controls=\"accordion-1-c8\" aria-expanded=\"false\" tabindex=\"0\">\n\t\t\t\t+ Smoker Boot Camp\t\t\t<\/h3>\n\t\t\n\t\t<div id=\"accordion-1-c8\" class=\"accordion-content\" aria-hidden=\"true\">\n\t\t\t<\/p>\n<p>Piatti come Pulled Pork o Beef Brisket hanno tempi di cottura di oltre 12 ore. Ai contest di BBQ cos\u00ec automaticamente c&#8217;\u00e8 bisogno del Overnight. Si deve controllare la temperatura, il timing dei singoli piatti \u00e8 rigorosamente da rispettare, rabbocchi di carbone sono da programmare, e molto di pi\u00f9.<\/p>\n<p>[<a href=\"https:\/\/www.mig.bz\/smoker-boot-camp\/\">Dettagli&#8230;<\/a>]<\/p>\n<p>\t\t<\/div>\n\n\t\t<\/p>\n<p><\/div>\n<p>Quit trovi le date dei nostri <a href=\"https:\/\/www.mig.bz\/it\/eventi\/\">eventi<\/a>.<br \/>\n<a href=\"http:\/\/www.mig.bz\/events\"><img loading=\"lazy\" decoding=\"async\" class=\"alignnone wp-image-14325 size-full\" src=\"http:\/\/www.mig.bz\/wp-content\/uploads\/2019\/12\/calendar_02.jpg\" alt=\"\" width=\"377\" height=\"459\" srcset=\"https:\/\/www.mig.bz\/wp-content\/uploads\/2019\/12\/calendar_02.jpg 377w, https:\/\/www.mig.bz\/wp-content\/uploads\/2019\/12\/calendar_02-246x300.jpg 246w, https:\/\/www.mig.bz\/wp-content\/uploads\/2019\/12\/calendar_02-230x280.jpg 230w, https:\/\/www.mig.bz\/wp-content\/uploads\/2019\/12\/calendar_02-350x426.jpg 350w\" sizes=\"auto, (max-width: 377px) 100vw, 377px\" \/><\/a><\/p>\n<p>Vi serve un regalo (compleanno, natale, pascua, matrimonio, divorzio&#8230;)? Vi facciamo un buono di regalo. Contattaci.<br \/>\n<img loading=\"lazy\" decoding=\"async\" class=\"alignnone wp-image-14319 size-full\" src=\"http:\/\/www.mig.bz\/wp-content\/uploads\/2019\/12\/Gutschein.jpg\" alt=\"\" width=\"573\" height=\"600\" srcset=\"https:\/\/www.mig.bz\/wp-content\/uploads\/2019\/12\/Gutschein.jpg 573w, https:\/\/www.mig.bz\/wp-content\/uploads\/2019\/12\/Gutschein-287x300.jpg 287w, https:\/\/www.mig.bz\/wp-content\/uploads\/2019\/12\/Gutschein-230x241.jpg 230w, https:\/\/www.mig.bz\/wp-content\/uploads\/2019\/12\/Gutschein-350x366.jpg 350w, https:\/\/www.mig.bz\/wp-content\/uploads\/2019\/12\/Gutschein-480x503.jpg 480w\" sizes=\"auto, (max-width: 573px) 100vw, 573px\" \/><\/p>\n<p>La nostra homebase per i corsi \u00e8 la Hofk\u00e4serei&nbsp;Goasroscht<\/p>\n<p>\n<div class=\"ngg-galleryoverview\" id=\"ngg-gallery-f45e0410fbbd9ce081c553bf5871d86f-7849\">\n\n\t\t\t<!-- Slideshow link -->\n\t<div class=\"slideshowlink\">\n\t\t<a class=\"slideshowlink\" href=\"\n\t\t\thttps:\/\/www.mig.bz\/it\/grillseminare\/nggallery\/slideshow\t\t\">\n\t\t\t[Zeige eine Slideshow]\t\t<\/a>\n\t<\/div>\n\n\t<!-- Thumbnails -->\n\t\t\t\t\n\t<div id=\"ngg-image-225\" class=\"ngg-gallery-thumbnail-box\" \n\t\t\t\t\t\t\t\t\t\t>\n\t\t<div class=\"ngg-gallery-thumbnail\" >\n\t\t\t<a href=\"\n\t\t\thttps:\/\/www.mig.bz\/wp-content\/gallery\/goasroscht\/logo_goasroscht.jpg\t\t\t\"\n\t\t\t\ttitle=\" \"\n\t\t\t\tclass=\"ngg-fancybox\" rel=\"f45e0410fbbd9ce081c553bf5871d86f\" data-image-id=\"225\" data-src=\"https:\/\/www.mig.bz\/wp-content\/gallery\/goasroscht\/logo_goasroscht.jpg\" data-thumbnail=\"https:\/\/www.mig.bz\/wp-content\/gallery\/goasroscht\/thumbs\/thumbs_logo_goasroscht.jpg\" data-title=\"logo_goasroscht\" data-description=\" \"\t\t\t\t>\n\t\t\t\t\t\t\t\t<img title=\"logo_goasroscht\" alt=\"logo_goasroscht\" src=\"\n\t\t\t\t\t\t\t\t\t\thttps:\/\/www.mig.bz\/wp-content\/gallery\/goasroscht\/thumbs\/thumbs_logo_goasroscht.jpg\t\t\t\t\" \n\t\t\t\t\twidth='120' height='90'\t\t\t\t\/>\n\t\t\t\t\t\t\t<\/a>\n\t\t<\/div>\n\t<\/div>\n\n\t\t\t\t\t\t\t\t\t\n\t\n\t<div id=\"ngg-image-217\" class=\"ngg-gallery-thumbnail-box\" \n\t\t\t\t\t\t\t\t\t\t>\n\t\t<div class=\"ngg-gallery-thumbnail\" >\n\t\t\t<a href=\"\n\t\t\thttps:\/\/www.mig.bz\/wp-content\/gallery\/goasroscht\/Goasroscht-1.jpg\t\t\t\"\n\t\t\t\ttitle=\" \"\n\t\t\t\tclass=\"ngg-fancybox\" rel=\"f45e0410fbbd9ce081c553bf5871d86f\" data-image-id=\"217\" data-src=\"https:\/\/www.mig.bz\/wp-content\/gallery\/goasroscht\/Goasroscht-1.jpg\" data-thumbnail=\"https:\/\/www.mig.bz\/wp-content\/gallery\/goasroscht\/thumbs\/thumbs_Goasroscht-1.jpg\" data-title=\"Goasroscht (1)\" data-description=\" \"\t\t\t\t>\n\t\t\t\t\t\t\t\t<img title=\"Goasroscht (1)\" alt=\"Goasroscht (1)\" src=\"\n\t\t\t\t\t\t\t\t\t\thttps:\/\/www.mig.bz\/wp-content\/gallery\/goasroscht\/thumbs\/thumbs_Goasroscht-1.jpg\t\t\t\t\" \n\t\t\t\t\twidth='120' height='90'\t\t\t\t\/>\n\t\t\t\t\t\t\t<\/a>\n\t\t<\/div>\n\t<\/div>\n\n\t\t\t\t\t\t\t\t\t\n\t\n\t<div id=\"ngg-image-218\" class=\"ngg-gallery-thumbnail-box\" \n\t\t\t\t\t\t\t\t\t\t>\n\t\t<div class=\"ngg-gallery-thumbnail\" >\n\t\t\t<a href=\"\n\t\t\thttps:\/\/www.mig.bz\/wp-content\/gallery\/goasroscht\/Goasroscht-2.JPG\t\t\t\"\n\t\t\t\ttitle=\" \"\n\t\t\t\tclass=\"ngg-fancybox\" rel=\"f45e0410fbbd9ce081c553bf5871d86f\" data-image-id=\"218\" data-src=\"https:\/\/www.mig.bz\/wp-content\/gallery\/goasroscht\/Goasroscht-2.JPG\" data-thumbnail=\"https:\/\/www.mig.bz\/wp-content\/gallery\/goasroscht\/thumbs\/thumbs_Goasroscht-2.JPG\" data-title=\"Goasroscht (2)\" data-description=\" \"\t\t\t\t>\n\t\t\t\t\t\t\t\t<img title=\"Goasroscht (2)\" alt=\"Goasroscht (2)\" src=\"\n\t\t\t\t\t\t\t\t\t\thttps:\/\/www.mig.bz\/wp-content\/gallery\/goasroscht\/thumbs\/thumbs_Goasroscht-2.JPG\t\t\t\t\" \n\t\t\t\t\twidth='120' height='90'\t\t\t\t\/>\n\t\t\t\t\t\t\t<\/a>\n\t\t<\/div>\n\t<\/div>\n\n\t\t\t\t\t\t\t\t\t\n\t\n\t<div id=\"ngg-image-219\" class=\"ngg-gallery-thumbnail-box\" \n\t\t\t\t\t\t\t\t\t\t>\n\t\t<div class=\"ngg-gallery-thumbnail\" >\n\t\t\t<a href=\"\n\t\t\thttps:\/\/www.mig.bz\/wp-content\/gallery\/goasroscht\/Goasroscht-3.JPG\t\t\t\"\n\t\t\t\ttitle=\" \"\n\t\t\t\tclass=\"ngg-fancybox\" rel=\"f45e0410fbbd9ce081c553bf5871d86f\" data-image-id=\"219\" data-src=\"https:\/\/www.mig.bz\/wp-content\/gallery\/goasroscht\/Goasroscht-3.JPG\" data-thumbnail=\"https:\/\/www.mig.bz\/wp-content\/gallery\/goasroscht\/thumbs\/thumbs_Goasroscht-3.JPG\" data-title=\"Goasroscht (3)\" data-description=\" \"\t\t\t\t>\n\t\t\t\t\t\t\t\t<img title=\"Goasroscht (3)\" alt=\"Goasroscht (3)\" src=\"\n\t\t\t\t\t\t\t\t\t\thttps:\/\/www.mig.bz\/wp-content\/gallery\/goasroscht\/thumbs\/thumbs_Goasroscht-3.JPG\t\t\t\t\" \n\t\t\t\t\twidth='120' height='90'\t\t\t\t\/>\n\t\t\t\t\t\t\t<\/a>\n\t\t<\/div>\n\t<\/div>\n\n\t\t\t\t\t\t\t\t\t\n\t\n\t<div id=\"ngg-image-220\" class=\"ngg-gallery-thumbnail-box\" \n\t\t\t\t\t\t\t\t\t\t>\n\t\t<div class=\"ngg-gallery-thumbnail\" >\n\t\t\t<a href=\"\n\t\t\thttps:\/\/www.mig.bz\/wp-content\/gallery\/goasroscht\/Goasroscht-4.jpg\t\t\t\"\n\t\t\t\ttitle=\" \"\n\t\t\t\tclass=\"ngg-fancybox\" rel=\"f45e0410fbbd9ce081c553bf5871d86f\" data-image-id=\"220\" data-src=\"https:\/\/www.mig.bz\/wp-content\/gallery\/goasroscht\/Goasroscht-4.jpg\" data-thumbnail=\"https:\/\/www.mig.bz\/wp-content\/gallery\/goasroscht\/thumbs\/thumbs_Goasroscht-4.jpg\" data-title=\"Goasroscht (4)\" data-description=\" \"\t\t\t\t>\n\t\t\t\t\t\t\t\t<img title=\"Goasroscht (4)\" alt=\"Goasroscht (4)\" src=\"\n\t\t\t\t\t\t\t\t\t\thttps:\/\/www.mig.bz\/wp-content\/gallery\/goasroscht\/thumbs\/thumbs_Goasroscht-4.jpg\t\t\t\t\" \n\t\t\t\t\twidth='120' height='90'\t\t\t\t\/>\n\t\t\t\t\t\t\t<\/a>\n\t\t<\/div>\n\t<\/div>\n\n\t\t\t\t\t\t\t\t\t\n\t\n\t<div id=\"ngg-image-221\" class=\"ngg-gallery-thumbnail-box\" \n\t\t\t\t\t\t\t\t\t\t>\n\t\t<div class=\"ngg-gallery-thumbnail\" >\n\t\t\t<a href=\"\n\t\t\thttps:\/\/www.mig.bz\/wp-content\/gallery\/goasroscht\/Goasroscht-5.jpg\t\t\t\"\n\t\t\t\ttitle=\" \"\n\t\t\t\tclass=\"ngg-fancybox\" rel=\"f45e0410fbbd9ce081c553bf5871d86f\" data-image-id=\"221\" data-src=\"https:\/\/www.mig.bz\/wp-content\/gallery\/goasroscht\/Goasroscht-5.jpg\" data-thumbnail=\"https:\/\/www.mig.bz\/wp-content\/gallery\/goasroscht\/thumbs\/thumbs_Goasroscht-5.jpg\" data-title=\"Goasroscht (5)\" data-description=\" \"\t\t\t\t>\n\t\t\t\t\t\t\t\t<img title=\"Goasroscht (5)\" alt=\"Goasroscht (5)\" src=\"\n\t\t\t\t\t\t\t\t\t\thttps:\/\/www.mig.bz\/wp-content\/gallery\/goasroscht\/thumbs\/thumbs_Goasroscht-5.jpg\t\t\t\t\" \n\t\t\t\t\twidth='120' height='90'\t\t\t\t\/>\n\t\t\t\t\t\t\t<\/a>\n\t\t<\/div>\n\t<\/div>\n\n\t\t\t\t\t\t\t\t\t\n\t\n\t<div id=\"ngg-image-222\" class=\"ngg-gallery-thumbnail-box\" \n\t\t\t\t\t\t\t\t\t\t>\n\t\t<div class=\"ngg-gallery-thumbnail\" >\n\t\t\t<a href=\"\n\t\t\thttps:\/\/www.mig.bz\/wp-content\/gallery\/goasroscht\/Goasroscht-6.JPG\t\t\t\"\n\t\t\t\ttitle=\" \"\n\t\t\t\tclass=\"ngg-fancybox\" rel=\"f45e0410fbbd9ce081c553bf5871d86f\" data-image-id=\"222\" data-src=\"https:\/\/www.mig.bz\/wp-content\/gallery\/goasroscht\/Goasroscht-6.JPG\" data-thumbnail=\"https:\/\/www.mig.bz\/wp-content\/gallery\/goasroscht\/thumbs\/thumbs_Goasroscht-6.JPG\" data-title=\"Goasroscht (6)\" data-description=\" \"\t\t\t\t>\n\t\t\t\t\t\t\t\t<img title=\"Goasroscht (6)\" alt=\"Goasroscht (6)\" src=\"\n\t\t\t\t\t\t\t\t\t\thttps:\/\/www.mig.bz\/wp-content\/gallery\/goasroscht\/thumbs\/thumbs_Goasroscht-6.JPG\t\t\t\t\" \n\t\t\t\t\twidth='120' height='90'\t\t\t\t\/>\n\t\t\t\t\t\t\t<\/a>\n\t\t<\/div>\n\t<\/div>\n\n\t\t\t\t\t\t\t\t\t\n\t\n\t<div id=\"ngg-image-223\" class=\"ngg-gallery-thumbnail-box\" \n\t\t\t\t\t\t\t\t\t\t>\n\t\t<div class=\"ngg-gallery-thumbnail\" >\n\t\t\t<a href=\"\n\t\t\thttps:\/\/www.mig.bz\/wp-content\/gallery\/goasroscht\/Goasroscht-7.jpg\t\t\t\"\n\t\t\t\ttitle=\" \"\n\t\t\t\tclass=\"ngg-fancybox\" rel=\"f45e0410fbbd9ce081c553bf5871d86f\" data-image-id=\"223\" data-src=\"https:\/\/www.mig.bz\/wp-content\/gallery\/goasroscht\/Goasroscht-7.jpg\" data-thumbnail=\"https:\/\/www.mig.bz\/wp-content\/gallery\/goasroscht\/thumbs\/thumbs_Goasroscht-7.jpg\" data-title=\"Goasroscht (7)\" data-description=\" \"\t\t\t\t>\n\t\t\t\t\t\t\t\t<img title=\"Goasroscht (7)\" alt=\"Goasroscht (7)\" src=\"\n\t\t\t\t\t\t\t\t\t\thttps:\/\/www.mig.bz\/wp-content\/gallery\/goasroscht\/thumbs\/thumbs_Goasroscht-7.jpg\t\t\t\t\" \n\t\t\t\t\twidth='120' height='90'\t\t\t\t\/>\n\t\t\t\t\t\t\t<\/a>\n\t\t<\/div>\n\t<\/div>\n\n\t\t\t\t\t\t\t\t\t\n\t\n\t<div id=\"ngg-image-224\" class=\"ngg-gallery-thumbnail-box\" \n\t\t\t\t\t\t\t\t\t\t>\n\t\t<div class=\"ngg-gallery-thumbnail\" >\n\t\t\t<a href=\"\n\t\t\thttps:\/\/www.mig.bz\/wp-content\/gallery\/goasroscht\/Goasroscht-8.jpg\t\t\t\"\n\t\t\t\ttitle=\" \"\n\t\t\t\tclass=\"ngg-fancybox\" rel=\"f45e0410fbbd9ce081c553bf5871d86f\" data-image-id=\"224\" data-src=\"https:\/\/www.mig.bz\/wp-content\/gallery\/goasroscht\/Goasroscht-8.jpg\" data-thumbnail=\"https:\/\/www.mig.bz\/wp-content\/gallery\/goasroscht\/thumbs\/thumbs_Goasroscht-8.jpg\" data-title=\"Goasroscht (8)\" data-description=\" \"\t\t\t\t>\n\t\t\t\t\t\t\t\t<img title=\"Goasroscht (8)\" alt=\"Goasroscht (8)\" src=\"\n\t\t\t\t\t\t\t\t\t\thttps:\/\/www.mig.bz\/wp-content\/gallery\/goasroscht\/thumbs\/thumbs_Goasroscht-8.jpg\t\t\t\t\" \n\t\t\t\t\twidth='120' height='90'\t\t\t\t\/>\n\t\t\t\t\t\t\t<\/a>\n\t\t<\/div>\n\t<\/div>\n\n\t\t\t\t\t\t\t\t\t\n\t\n\t<!-- Pagination -->\n\t\t<div class='ngg-clear'><\/div>\n<\/div>\n\n\t<\/p>\n<p><a href=\"https:\/\/www.mig.bz\/it\/come-arrivare-alla-grill-academy\/\">Come arrivare alla Homebase di Campo Tures<\/a><\/p>\n<p>Homepage Goasroscht: <a href=\"http:\/\/www.goasroscht.com\" target=\"_blank\" rel=\"noopener noreferrer\">www.goasroscht.com<\/a><\/p>\n<h2>Mondo giardino Platter<\/h2>\n<p><p>Invalid Displayed Gallery<\/p><\/p>\n<p><a href=\"http:\/\/www.platter.biz\/de\/kontakt\/\" target=\"_blank\" rel=\"noopener noreferrer\">Come arrivare in Mondo giardino Platter<\/a><\/p>\n<p>Homepage Mondogiardino: <a href=\"http:\/\/www.platter.biz\" target=\"_blank\" rel=\"noopener noreferrer\">www.platter.biz<\/a><\/p>\n<p>Siamo anche in giro per l&#8217;Alto Adige &#8211; con la&nbsp;<a title=\"MiG One\" href=\"https:\/\/www.mig.bz\/mig-one\/\">MiG-One.<\/a><\/p>\n<p><img loading=\"lazy\" decoding=\"async\" class=\"alignnone size-large wp-image-8277\" src=\"http:\/\/www.mig.bz\/wp-content\/uploads\/2015\/03\/WP_20150411_007-1024x577.jpg\" alt=\"WP_20150411_007\" width=\"768\" height=\"433\" srcset=\"https:\/\/www.mig.bz\/wp-content\/uploads\/2015\/03\/WP_20150411_007-1024x577.jpg 1024w, https:\/\/www.mig.bz\/wp-content\/uploads\/2015\/03\/WP_20150411_007-300x169.jpg 300w, https:\/\/www.mig.bz\/wp-content\/uploads\/2015\/03\/WP_20150411_007.jpg 1363w\" sizes=\"auto, (max-width: 768px) 100vw, 768px\" \/><\/p>\n","protected":false},"excerpt":{"rendered":"<p>&#8220;Nice to meat you&#8221; &#8211; I nostri corsi Non esiste una stagione per grigliare, si f\u00e0 tutto l&#8217;anno. Qui trovi un&#8217;elenco dei [&hellip;]<\/p>\n","protected":false},"author":1,"featured_media":13319,"parent":0,"menu_order":0,"comment_status":"closed","ping_status":"closed","template":"","meta":{"ngg_post_thumbnail":0,"footnotes":""},"class_list":["post-7849","page","type-page","status-publish","has-post-thumbnail","hentry"],"_links":{"self":[{"href":"https:\/\/www.mig.bz\/it\/wp-json\/wp\/v2\/pages\/7849","targetHints":{"allow":["GET"]}}],"collection":[{"href":"https:\/\/www.mig.bz\/it\/wp-json\/wp\/v2\/pages"}],"about":[{"href":"https:\/\/www.mig.bz\/it\/wp-json\/wp\/v2\/types\/page"}],"author":[{"embeddable":true,"href":"https:\/\/www.mig.bz\/it\/wp-json\/wp\/v2\/users\/1"}],"replies":[{"embeddable":true,"href":"https:\/\/www.mig.bz\/it\/wp-json\/wp\/v2\/comments?post=7849"}],"version-history":[{"count":29,"href":"https:\/\/www.mig.bz\/it\/wp-json\/wp\/v2\/pages\/7849\/revisions"}],"predecessor-version":[{"id":14880,"href":"https:\/\/www.mig.bz\/it\/wp-json\/wp\/v2\/pages\/7849\/revisions\/14880"}],"wp:featuredmedia":[{"embeddable":true,"href":"https:\/\/www.mig.bz\/it\/wp-json\/wp\/v2\/media\/13319"}],"wp:attachment":[{"href":"https:\/\/www.mig.bz\/it\/wp-json\/wp\/v2\/media?parent=7849"}],"curies":[{"name":"wp","href":"https:\/\/api.w.org\/{rel}","templated":true}]}}